{"id":101,"date":"2024-12-16T17:25:28","date_gmt":"2024-12-16T22:25:28","guid":{"rendered":"https:\/\/primumlogistic.com\/?page_id=101"},"modified":"2024-12-23T10:25:40","modified_gmt":"2024-12-23T15:25:40","slug":"asesorias-en-comercio-exterior","status":"publish","type":"page","link":"https:\/\/primumlogistic.com\/en\/asesorias-en-comercio-exterior\/","title":{"rendered":"Foreign Trade Consulting"},"content":{"rendered":"<p>[et_pb_section fb_built=\u00bb1&#8243; _builder_version=\u00bb4.27.4&#8243; _module_preset=\u00bbdefault\u00bb background_color=\u00bb#036BA7&#8243; custom_padding=\u00bb10px||0px||false|false\u00bb bottom_divider_height=\u00bb24px\u00bb bottom_divider_flip=\u00bbvertical\u00bb global_colors_info=\u00bb{}\u00bb][et_pb_row _builder_version=\u00bb4.27.4&#8243; _module_preset=\u00bbdefault\u00bb global_colors_info=\u00bb{}\u00bb][et_pb_column type=\u00bb4_4&#8243; _builder_version=\u00bb4.27.4&#8243; _module_preset=\u00bbdefault\u00bb global_colors_info=\u00bb{}\u00bb][et_pb_text _builder_version=\u00bb4.27.4&#8243; _module_preset=\u00bbdefault\u00bb header_2_text_align=\u00bbcenter\u00bb header_2_text_color=\u00bb#FFFFFF\u00bb hover_enabled=\u00bb0&#8243; global_colors_info=\u00bb{}\u00bb sticky_enabled=\u00bb0&#8243;]<\/p>\n<h2>FOREIGN TRADE CONSULTING<\/h2>\n<p>[\/et_pb_text][\/et_pb_column][\/et_pb_row][\/et_pb_section][et_pb_section fb_built=\u00bb1&#8243; _builder_version=\u00bb4.27.4&#8243; _module_preset=\u00bbdefault\u00bb background_enable_mask_style=\u00bbon\u00bb background_mask_style=\u00bbchevrons\u00bb background_mask_color=\u00bb#f7f7f7&#8243; background_mask_transform=\u00bbinvert|flip_vertical\u00bb custom_margin=\u00bb||||false|false\u00bb custom_padding=\u00bb90px||90px||true|false\u00bb locked=\u00bboff\u00bb global_colors_info=\u00bb{}\u00bb][et_pb_row column_structure=\u00bb1_4,1_4,1_4,1_4&#8243; _builder_version=\u00bb4.27.4&#8243; _module_preset=\u00bbdefault\u00bb custom_margin=\u00bb||28px||false|false\u00bb global_colors_info=\u00bb{}\u00bb][et_pb_column type=\u00bb1_4&#8243; _builder_version=\u00bb4.27.4&#8243; _module_preset=\u00bbdefault\u00bb global_colors_info=\u00bb{}\u00bb][et_pb_blurb title=\u00bbCumplimiento Normativo\u00bb use_icon=\u00bbon\u00bb font_icon=\u00bb&#xf56c;||fa||900&#8243; _builder_version=\u00bb4.27.4&#8243; _module_preset=\u00bbdefault\u00bb header_text_align=\u00bbcenter\u00bb header_text_color=\u00bb#023F63&#8243; body_text_align=\u00bbcenter\u00bb global_colors_info=\u00bb{}\u00bb]Nos aseguramos de que tus operaciones cumplan con las leyes y regulaciones internacionales.[\/et_pb_blurb][\/et_pb_column][et_pb_column type=\u00bb1_4&#8243; _builder_version=\u00bb4.27.4&#8243; _module_preset=\u00bbdefault\u00bb global_colors_info=\u00bb{}\u00bb][et_pb_blurb title=\u00bbOptimizaci\u00f3n de Procesos\u00bb use_icon=\u00bbon\u00bb font_icon=\u00bb&#xf837;||fa||400&#8243; icon_color=\u00bb#04C7D1&#8243; _builder_version=\u00bb4.27.4&#8243; _module_preset=\u00bbdefault\u00bb header_text_align=\u00bbcenter\u00bb header_text_color=\u00bb#04C7D1&#8243; body_text_align=\u00bbcenter\u00bb global_colors_info=\u00bb{}\u00bb]Dise\u00f1amos estrategias que reducen costos y mejoran la eficiencia log\u00edstica.[\/et_pb_blurb][\/et_pb_column][et_pb_column type=\u00bb1_4&#8243; _builder_version=\u00bb4.27.4&#8243; _module_preset=\u00bbdefault\u00bb global_colors_info=\u00bb{}\u00bb][et_pb_blurb title=\u00bbReducci\u00f3n de Riesgos\u00bb use_icon=\u00bbon\u00bb font_icon=\u00bb&#xf0e9;||fa||900&#8243; _builder_version=\u00bb4.27.4&#8243; _module_preset=\u00bbdefault\u00bb header_text_align=\u00bbcenter\u00bb header_text_color=\u00bb#023F63&#8243; body_text_align=\u00bbcenter\u00bb global_colors_info=\u00bb{}\u00bb]Identificamos posibles obst\u00e1culos y ofrecemos soluciones proactivas para evitarlos.[\/et_pb_blurb][\/et_pb_column][et_pb_column type=\u00bb1_4&#8243; _builder_version=\u00bb4.27.4&#8243; _module_preset=\u00bbdefault\u00bb global_colors_info=\u00bb{}\u00bb][et_pb_blurb title=\u00bbAcompa\u00f1amiento Integral\u00bb use_icon=\u00bbon\u00bb font_icon=\u00bb&#xf0c0;||fa||900&#8243; icon_color=\u00bb#04C7D1&#8243; _builder_version=\u00bb4.27.4&#8243; _module_preset=\u00bbdefault\u00bb header_text_align=\u00bbcenter\u00bb header_text_color=\u00bb#04C7D1&#8243; body_text_align=\u00bbcenter\u00bb global_colors_info=\u00bb{}\u00bb]Te guiamos desde la planeaci\u00f3n hasta la ejecuci\u00f3n de cada operaci\u00f3n internacional.[\/et_pb_blurb][\/et_pb_column][\/et_pb_row][et_pb_row column_structure=\u00bb1_2,1_2&#8243; _builder_version=\u00bb4.27.4&#8243; _module_preset=\u00bbdefault\u00bb global_colors_info=\u00bb{}\u00bb][et_pb_column type=\u00bb1_2&#8243; _builder_version=\u00bb4.27.4&#8243; _module_preset=\u00bbdefault\u00bb global_colors_info=\u00bb{}\u00bb][et_pb_text _builder_version=\u00bb4.27.4&#8243; _module_preset=\u00bbdefault\u00bb text_line_height=\u00bb1.3em\u00bb header_text_align=\u00bbleft\u00bb header_text_color=\u00bb#023F63&#8243; header_font_size=\u00bb28px\u00bb header_2_text_align=\u00bbleft\u00bb header_2_text_color=\u00bb#04C7D1&#8243; header_2_font_size=\u00bb20px\u00bb text_orientation=\u00bbjustified\u00bb custom_padding=\u00bb33px|||||\u00bb global_colors_info=\u00bb{}\u00bb]<\/p>\n<h1>Foreign Trade Consulting Service<\/h1>\n<h2>Your Strategic Partner for International Operations<\/h2>\n<p>At PRIMUM LOGISTIC SERVICES SAS, we transform the complexity of foreign trade into clear and effective solutions. Our consulting service is designed for companies looking to expand their global reach and optimize their import and export processes.<\/p>\n<p>Con m\u00e1s de una d\u00e9cada de experiencia en log\u00edstica internacional, te ofrecemos un enfoque personalizado, orientado a cumplir con las normativas vigentes, maximizar la eficiencia y minimizar riesgos. Desde la planificaci\u00f3n inicial hasta la ejecuci\u00f3n de tus operaciones, nuestro equipo te acompa\u00f1a en cada paso para asegurar el \u00e9xito de tus transacciones internacionales.[\/et_pb_text][\/et_pb_column][et_pb_column type=\u00bb1_2&#8243; _builder_version=\u00bb4.27.4&#8243; _module_preset=\u00bbdefault\u00bb global_colors_info=\u00bb{}\u00bb][et_pb_image src=\u00bbhttps:\/\/primumlogistic.com\/wp-content\/uploads\/2024\/12\/servicio-asesoria-comercio-exterior.jpg\u00bb alt=\u00bbservicio asesor\u00eda comercio exterior\u00bb _builder_version=\u00bb4.27.4&#8243; _module_preset=\u00bbdefault\u00bb global_colors_info=\u00bb{}\u00bb][\/et_pb_image][\/et_pb_column][\/et_pb_row][et_pb_row _builder_version=\u00bb4.27.4&#8243; _module_preset=\u00bbdefault\u00bb global_colors_info=\u00bb{}\u00bb][et_pb_column type=\u00bb4_4&#8243; _builder_version=\u00bb4.27.4&#8243; _module_preset=\u00bbdefault\u00bb global_colors_info=\u00bb{}\u00bb][et_pb_text _builder_version=\u00bb4.27.4&#8243; _module_preset=\u00bbdefault\u00bb header_3_text_color=\u00bb#023F63&#8243; text_orientation=\u00bbjustified\u00bb global_colors_info=\u00bb{}\u00bb]<\/p>\n<h3>Customized Strategies That Make a Difference<\/h3>\n<p>En un mercado global en constante cambio, entender las regulaciones, aranceles y acuerdos comerciales es clave para mantener la competitividad. En PRIMUM, analizamos tus necesidades espec\u00edficas y dise\u00f1amos estrategias personalizadas que optimizan costos y tiempos. Nuestro equipo de expertos te asesora en temas como clasificaci\u00f3n arancelaria, tratados de libre comercio, requisitos documentales y log\u00edstica integrada, garantizando que cada operaci\u00f3n se lleve a cabo de manera eficiente y rentable.[\/et_pb_text][\/et_pb_column][\/et_pb_row][et_pb_row make_equal=\u00bbon\u00bb _builder_version=\u00bb4.27.4&#8243; _module_preset=\u00bbdefault\u00bb global_colors_info=\u00bb{}\u00bb][et_pb_column type=\u00bb4_4&#8243; _builder_version=\u00bb4.27.4&#8243; _module_preset=\u00bbdefault\u00bb background_color=\u00bb#036BA7&#8243; background_enable_mask_style=\u00bbon\u00bb background_mask_style=\u00bbcorner-square\u00bb background_mask_color=\u00bbrgba(255,255,255,0.11)\u00bb background_mask_transform=\u00bbinvert|flip_horizontal\u00bb custom_padding=\u00bb30px|30px|30px|30px|true|true\u00bb global_colors_info=\u00bb{}\u00bb][et_pb_text _builder_version=\u00bb4.27.4&#8243; _module_preset=\u00bbdefault\u00bb text_text_color=\u00bb#FFFFFF\u00bb header_3_text_color=\u00bb#FFFFFF\u00bb text_orientation=\u00bbjustified\u00bb global_colors_info=\u00bb{}\u00bb]<\/p>\n<h3>Why Choose Us?<\/h3>\n<p>En PRIMUM LOGISTIC SERVICES SAS no solo brindamos asesor\u00eda, sino que nos convertimos en tu socio estrat\u00e9gico. Nuestro compromiso es proporcionarte las herramientas y el conocimiento necesarios para que tus operaciones de comercio exterior sean \u00e1giles, seguras y exitosas. Con nosotros, tendr\u00e1s la confianza de que cada detalle est\u00e1 bajo control.[\/et_pb_text][\/et_pb_column][\/et_pb_row][\/et_pb_section][et_pb_section fb_built=\u00bb1&#8243; _builder_version=\u00bb4.27.4&#8243; _module_preset=\u00bbdefault\u00bb background_color=\u00bb#036BA7&#8243; use_background_color_gradient=\u00bbon\u00bb background_color_gradient_stops=\u00bb#0485d0 0%|#035585 100%\u00bb custom_padding=\u00bb3px||3px||true|false\u00bb bottom_divider_height=\u00bb40px\u00bb bottom_divider_flip=\u00bbvertical|horizontal\u00bb locked=\u00bboff\u00bb global_colors_info=\u00bb{}\u00bb][et_pb_row column_structure=\u00bb3_4,1_4&#8243; _builder_version=\u00bb4.27.4&#8243; _module_preset=\u00bbdefault\u00bb global_colors_info=\u00bb{}\u00bb][et_pb_column type=\u00bb3_4&#8243; _builder_version=\u00bb4.27.4&#8243; _module_preset=\u00bbdefault\u00bb global_colors_info=\u00bb{}\u00bb][et_pb_text _builder_version=\u00bb4.27.4&#8243; _module_preset=\u00bbdefault\u00bb header_3_text_align=\u00bbcenter\u00bb header_3_text_color=\u00bb#FFFFFF\u00bb header_3_font_size=\u00bb33px\u00bb hover_enabled=\u00bb0&#8243; global_colors_info=\u00bb{}\u00bb sticky_enabled=\u00bb0&#8243;]<\/p>\n<h3>Are you looking for personalized advice?<\/h3>\n<p>[\/et_pb_text][\/et_pb_column][et_pb_column type=\u00bb1_4&#8243; _builder_version=\u00bb4.27.4&#8243; _module_preset=\u00bbdefault\u00bb global_colors_info=\u00bb{}\u00bb][et_pb_button button_url=\u00bbhttps:\/\/wa.me\/573168304604?text=Hola,%20Me%20interesa%20ampliar%20informaci\u00f3n%20de%20sus%20servicios%20&#8243; url_new_window=\u00bbon\u00bb button_text=\u00bb\u00a1Hablemos!\u00bb button_alignment=\u00bbcenter\u00bb _builder_version=\u00bb4.27.4&#8243; _module_preset=\u00bbdefault\u00bb custom_button=\u00bbon\u00bb button_text_color=\u00bb#FFFFFF\u00bb button_bg_color=\u00bb#04C7D1&#8243; button_border_width=\u00bb2px\u00bb button_font=\u00bb|800|||||||\u00bb button_use_icon=\u00bboff\u00bb button_text_shadow_style=\u00bbpreset2&#8243; global_colors_info=\u00bb{}\u00bb][\/et_pb_button][\/et_pb_column][\/et_pb_row][\/et_pb_section]<\/p>","protected":false},"excerpt":{"rendered":"<p>ASESOR\u00cdA EN COMERCIO EXTERIORNos aseguramos de que tus operaciones cumplan con las leyes y regulaciones internacionales.Dise\u00f1amos estrategias que reducen costos y mejoran la eficiencia log\u00edstica.Identificamos posibles obst\u00e1culos y ofrecemos soluciones proactivas para evitarlos.Te guiamos desde la planeaci\u00f3n hasta la ejecuci\u00f3n de cada operaci\u00f3n internacional.Servicio de Asesor\u00edas en Comercio Exterior Tu Socio Estrat\u00e9gico para Operaciones Internacionales [&hellip;]<\/p>","protected":false},"author":1,"featured_media":0,"parent":0,"menu_order":0,"comment_status":"closed","ping_status":"closed","template":"","meta":{"_et_pb_use_builder":"on","_et_pb_old_content":"","_et_gb_content_width":"","_joinchat":[],"footnotes":""},"class_list":["post-101","page","type-page","status-publish","hentry"],"_links":{"self":[{"href":"https:\/\/primumlogistic.com\/en\/wp-json\/wp\/v2\/pages\/101","targetHints":{"allow":["GET"]}}],"collection":[{"href":"https:\/\/primumlogistic.com\/en\/wp-json\/wp\/v2\/pages"}],"about":[{"href":"https:\/\/primumlogistic.com\/en\/wp-json\/wp\/v2\/types\/page"}],"author":[{"embeddable":true,"href":"https:\/\/primumlogistic.com\/en\/wp-json\/wp\/v2\/users\/1"}],"replies":[{"embeddable":true,"href":"https:\/\/primumlogistic.com\/en\/wp-json\/wp\/v2\/comments?post=101"}],"version-history":[{"count":7,"href":"https:\/\/primumlogistic.com\/en\/wp-json\/wp\/v2\/pages\/101\/revisions"}],"predecessor-version":[{"id":293,"href":"https:\/\/primumlogistic.com\/en\/wp-json\/wp\/v2\/pages\/101\/revisions\/293"}],"wp:attachment":[{"href":"https:\/\/primumlogistic.com\/en\/wp-json\/wp\/v2\/media?parent=101"}],"curies":[{"name":"wp","href":"https:\/\/api.w.org\/{rel}","templated":true}]}}