{"id":105,"date":"2024-12-16T17:26:43","date_gmt":"2024-12-16T22:26:43","guid":{"rendered":"https:\/\/primumlogistic.com\/?page_id=105"},"modified":"2024-12-23T10:32:44","modified_gmt":"2024-12-23T15:32:44","slug":"transporte-y-distribucion-nacional-de-carga","status":"publish","type":"page","link":"https:\/\/primumlogistic.com\/en\/transporte-y-distribucion-nacional-de-carga\/","title":{"rendered":"Transportation and National Cargo Distribution"},"content":{"rendered":"<p>[et_pb_section fb_built=\u00bb1&#8243; _builder_version=\u00bb4.27.4&#8243; _module_preset=\u00bbdefault\u00bb background_color=\u00bb#036BA7&#8243; custom_padding=\u00bb10px||0px||false|false\u00bb bottom_divider_height=\u00bb24px\u00bb bottom_divider_flip=\u00bbvertical\u00bb global_colors_info=\u00bb{}\u00bb][et_pb_row _builder_version=\u00bb4.27.4&#8243; _module_preset=\u00bbdefault\u00bb global_colors_info=\u00bb{}\u00bb][et_pb_column type=\u00bb4_4&#8243; _builder_version=\u00bb4.27.4&#8243; _module_preset=\u00bbdefault\u00bb global_colors_info=\u00bb{}\u00bb][et_pb_text _builder_version=\u00bb4.27.4&#8243; _module_preset=\u00bbdefault\u00bb header_2_text_align=\u00bbcenter\u00bb header_2_text_color=\u00bb#FFFFFF\u00bb hover_enabled=\u00bb0&#8243; global_colors_info=\u00bb{}\u00bb sticky_enabled=\u00bb0&#8243;]<\/p>\n<h2>NATIONAL TRANSPORTATION AND DISTRIBUTION<\/h2>\n<p>[\/et_pb_text][\/et_pb_column][\/et_pb_row][\/et_pb_section][et_pb_section fb_built=\u00bb1&#8243; _builder_version=\u00bb4.27.4&#8243; _module_preset=\u00bbdefault\u00bb background_enable_mask_style=\u00bbon\u00bb background_mask_style=\u00bbchevrons\u00bb background_mask_color=\u00bb#f7f7f7&#8243; background_mask_transform=\u00bbinvert|flip_vertical\u00bb custom_margin=\u00bb||||false|false\u00bb custom_padding=\u00bb90px||90px||true|false\u00bb locked=\u00bboff\u00bb global_colors_info=\u00bb{}\u00bb][et_pb_row column_structure=\u00bb1_4,1_4,1_4,1_4&#8243; _builder_version=\u00bb4.27.4&#8243; _module_preset=\u00bbdefault\u00bb custom_margin=\u00bb||28px||false|false\u00bb global_colors_info=\u00bb{}\u00bb][et_pb_column type=\u00bb1_4&#8243; _builder_version=\u00bb4.27.4&#8243; _module_preset=\u00bbdefault\u00bb global_colors_info=\u00bb{}\u00bb][et_pb_blurb title=\u00bbCobertura Integral\u00bb use_icon=\u00bbon\u00bb font_icon=\u00bb&#xf058;||fa||900&#8243; _builder_version=\u00bb4.27.4&#8243; _module_preset=\u00bbdefault\u00bb header_text_align=\u00bbcenter\u00bb header_text_color=\u00bb#023F63&#8243; body_text_align=\u00bbcenter\u00bb global_colors_info=\u00bb{}\u00bb]Llegamos a cualquier rinc\u00f3n de Colombia con una red de transporte confiable y efectiva.[\/et_pb_blurb][\/et_pb_column][et_pb_column type=\u00bb1_4&#8243; _builder_version=\u00bb4.27.4&#8243; _module_preset=\u00bbdefault\u00bb global_colors_info=\u00bb{}\u00bb][et_pb_blurb title=\u00bbOptimizaci\u00f3n de Rutas\u00bb use_icon=\u00bbon\u00bb font_icon=\u00bb&#xf5a0;||fa||900&#8243; icon_color=\u00bb#04C7D1&#8243; _builder_version=\u00bb4.27.4&#8243; _module_preset=\u00bbdefault\u00bb header_text_align=\u00bbcenter\u00bb header_text_color=\u00bb#04C7D1&#8243; body_text_align=\u00bbcenter\u00bb global_colors_info=\u00bb{}\u00bb]Dise\u00f1amos trayectos eficientes para reducir tiempos y costos de transporte.[\/et_pb_blurb][\/et_pb_column][et_pb_column type=\u00bb1_4&#8243; _builder_version=\u00bb4.27.4&#8243; _module_preset=\u00bbdefault\u00bb global_colors_info=\u00bb{}\u00bb][et_pb_blurb title=\u00bbSeguridad Garantizada\u00bb use_icon=\u00bbon\u00bb font_icon=\u00bb&#xf3ed;||fa||900&#8243; _builder_version=\u00bb4.27.4&#8243; _module_preset=\u00bbdefault\u00bb header_text_align=\u00bbcenter\u00bb header_text_color=\u00bb#023F63&#8243; body_text_align=\u00bbcenter\u00bb global_colors_info=\u00bb{}\u00bb]Implementamos controles rigurosos para proteger tu carga durante todo el proceso.[\/et_pb_blurb][\/et_pb_column][et_pb_column type=\u00bb1_4&#8243; _builder_version=\u00bb4.27.4&#8243; _module_preset=\u00bbdefault\u00bb global_colors_info=\u00bb{}\u00bb][et_pb_blurb title=\u00bbFlexibilidad Operativa\u00bb use_icon=\u00bbon\u00bb font_icon=\u00bb&#xf0b2;||fa||900&#8243; icon_color=\u00bb#04C7D1&#8243; _builder_version=\u00bb4.27.4&#8243; _module_preset=\u00bbdefault\u00bb header_text_align=\u00bbcenter\u00bb header_text_color=\u00bb#04C7D1&#8243; body_text_align=\u00bbcenter\u00bb global_colors_info=\u00bb{}\u00bb]Nos adaptamos a las necesidades espec\u00edficas de tu negocio, ofreciendo soluciones personalizadas.[\/et_pb_blurb][\/et_pb_column][\/et_pb_row][et_pb_row column_structure=\u00bb1_2,1_2&#8243; _builder_version=\u00bb4.27.4&#8243; _module_preset=\u00bbdefault\u00bb global_colors_info=\u00bb{}\u00bb][et_pb_column type=\u00bb1_2&#8243; _builder_version=\u00bb4.27.4&#8243; _module_preset=\u00bbdefault\u00bb global_colors_info=\u00bb{}\u00bb][et_pb_text _builder_version=\u00bb4.27.4&#8243; _module_preset=\u00bbdefault\u00bb text_line_height=\u00bb1.3em\u00bb header_text_align=\u00bbleft\u00bb header_text_color=\u00bb#023F63&#8243; header_font_size=\u00bb28px\u00bb header_2_text_align=\u00bbleft\u00bb header_2_text_color=\u00bb#04C7D1&#8243; header_2_font_size=\u00bb20px\u00bb text_orientation=\u00bbjustified\u00bb custom_padding=\u00bb33px|||||\u00bb global_colors_info=\u00bb{}\u00bb]<\/p>\n<h1>National Cargo Transportation and Distribution Service<\/h1>\n<h2>Connecting Colombia with Efficiency and Security<\/h2>\n<p>At PRIMUM LOGISTIC SERVICES SAS, we know that logistics doesn\u2019t stop at international borders. Our national transportation and cargo distribution service is designed to provide reliable solutions tailored to your business\u2019s needs across Colombia.<\/p>\n<p>Con una flota moderna y un equipo altamente capacitado, garantizamos que tu mercanc\u00eda llegue a su destino final de manera segura y puntual. Ya sea para transporte de \u00faltima milla, env\u00edos masivos o entregas especializadas, contamos con la experiencia necesaria para gestionar cada operaci\u00f3n con excelencia.[\/et_pb_text][\/et_pb_column][et_pb_column type=\u00bb1_2&#8243; _builder_version=\u00bb4.27.4&#8243; _module_preset=\u00bbdefault\u00bb global_colors_info=\u00bb{}\u00bb][et_pb_image src=\u00bbhttps:\/\/primumlogistic.com\/wp-content\/uploads\/2024\/12\/servicio-transporte-distribucion-nacional-carga.jpg\u00bb alt=\u00bbservicio transporte distribuci\u00f3n nacional carga\u00bb _builder_version=\u00bb4.27.4&#8243; _module_preset=\u00bbdefault\u00bb global_colors_info=\u00bb{}\u00bb][\/et_pb_image][\/et_pb_column][\/et_pb_row][et_pb_row _builder_version=\u00bb4.27.4&#8243; _module_preset=\u00bbdefault\u00bb global_colors_info=\u00bb{}\u00bb][et_pb_column type=\u00bb4_4&#8243; _builder_version=\u00bb4.27.4&#8243; _module_preset=\u00bbdefault\u00bb global_colors_info=\u00bb{}\u00bb][et_pb_text _builder_version=\u00bb4.27.4&#8243; _module_preset=\u00bbdefault\u00bb header_3_text_color=\u00bb#023F63&#8243; text_orientation=\u00bbjustified\u00bb global_colors_info=\u00bb{}\u00bb]<\/p>\n<h3>Coverage and Solutions Tailored to You<\/h3>\n<p>Entendemos que cada carga es \u00fanica. Por eso, ofrecemos un servicio flexible que abarca desde el transporte de mercanc\u00edas peque\u00f1as hasta cargas voluminosas y de alto valor. Nuestro enfoque personalizado nos permite dise\u00f1ar rutas eficientes y optimizar tiempos de entrega, mientras mantenemos los m\u00e1s altos est\u00e1ndares de seguridad en todo momento.[\/et_pb_text][\/et_pb_column][\/et_pb_row][et_pb_row make_equal=\u00bbon\u00bb _builder_version=\u00bb4.27.4&#8243; _module_preset=\u00bbdefault\u00bb global_colors_info=\u00bb{}\u00bb][et_pb_column type=\u00bb4_4&#8243; _builder_version=\u00bb4.27.4&#8243; _module_preset=\u00bbdefault\u00bb background_color=\u00bb#036BA7&#8243; background_enable_mask_style=\u00bbon\u00bb background_mask_style=\u00bbcorner-square\u00bb background_mask_color=\u00bbrgba(255,255,255,0.11)\u00bb background_mask_transform=\u00bbinvert|flip_horizontal\u00bb custom_padding=\u00bb30px|30px|30px|30px|true|true\u00bb global_colors_info=\u00bb{}\u00bb][et_pb_text _builder_version=\u00bb4.27.4&#8243; _module_preset=\u00bbdefault\u00bb text_text_color=\u00bb#FFFFFF\u00bb header_3_text_color=\u00bb#FFFFFF\u00bb text_orientation=\u00bbjustified\u00bb global_colors_info=\u00bb{}\u00bb]<\/p>\n<h3>Why Choose Us?<\/h3>\n<p>En PRIMUM LOGISTIC SERVICES SAS entendemos que cada entrega es un eslab\u00f3n clave en la cadena de suministro de tu negocio. Con nosotros, no solo obtendr\u00e1s un servicio de transporte nacional, sino tambi\u00e9n la confianza de contar con un aliado que prioriza la puntualidad, la seguridad y la eficiencia en cada operaci\u00f3n.[\/et_pb_text][\/et_pb_column][\/et_pb_row][\/et_pb_section][et_pb_section fb_built=\u00bb1&#8243; _builder_version=\u00bb4.27.4&#8243; _module_preset=\u00bbdefault\u00bb background_color=\u00bb#036BA7&#8243; use_background_color_gradient=\u00bbon\u00bb background_color_gradient_stops=\u00bb#0485d0 0%|#035585 100%\u00bb custom_padding=\u00bb3px||3px||true|false\u00bb bottom_divider_height=\u00bb40px\u00bb bottom_divider_flip=\u00bbvertical|horizontal\u00bb locked=\u00bboff\u00bb global_colors_info=\u00bb{}\u00bb][et_pb_row column_structure=\u00bb3_4,1_4&#8243; _builder_version=\u00bb4.27.4&#8243; _module_preset=\u00bbdefault\u00bb global_colors_info=\u00bb{}\u00bb][et_pb_column type=\u00bb3_4&#8243; _builder_version=\u00bb4.27.4&#8243; _module_preset=\u00bbdefault\u00bb global_colors_info=\u00bb{}\u00bb][et_pb_text _builder_version=\u00bb4.27.4&#8243; _module_preset=\u00bbdefault\u00bb header_3_text_align=\u00bbcenter\u00bb header_3_text_color=\u00bb#FFFFFF\u00bb header_3_font_size=\u00bb33px\u00bb hover_enabled=\u00bb0&#8243; global_colors_info=\u00bb{}\u00bb sticky_enabled=\u00bb0&#8243;]<\/p>\n<h3>Are you looking for personalized advice?<\/h3>\n<p>[\/et_pb_text][\/et_pb_column][et_pb_column type=\u00bb1_4&#8243; _builder_version=\u00bb4.27.4&#8243; _module_preset=\u00bbdefault\u00bb global_colors_info=\u00bb{}\u00bb][et_pb_button button_url=\u00bbhttps:\/\/wa.me\/573168304604?text=Hola,%20Me%20interesa%20ampliar%20informaci\u00f3n%20de%20sus%20servicios%20&#8243; url_new_window=\u00bbon\u00bb button_text=\u00bb\u00a1Hablemos!\u00bb button_alignment=\u00bbcenter\u00bb _builder_version=\u00bb4.27.4&#8243; _module_preset=\u00bbdefault\u00bb custom_button=\u00bbon\u00bb button_text_color=\u00bb#FFFFFF\u00bb button_bg_color=\u00bb#04C7D1&#8243; button_border_width=\u00bb2px\u00bb button_font=\u00bb|800|||||||\u00bb button_use_icon=\u00bboff\u00bb button_text_shadow_style=\u00bbpreset2&#8243; global_colors_info=\u00bb{}\u00bb][\/et_pb_button][\/et_pb_column][\/et_pb_row][\/et_pb_section]<\/p>","protected":false},"excerpt":{"rendered":"<p>TRANSPORTE Y DISTRIBUCI\u00d3N NACIONALLlegamos a cualquier rinc\u00f3n de Colombia con una red de transporte confiable y efectiva.Dise\u00f1amos trayectos eficientes para reducir tiempos y costos de transporte.Implementamos controles rigurosos para proteger tu carga durante todo el proceso.Nos adaptamos a las necesidades espec\u00edficas de tu negocio, ofreciendo soluciones personalizadas.Servicio de Transporte Nacional y Distribuci\u00f3n de Carga Conectando [&hellip;]<\/p>","protected":false},"author":1,"featured_media":0,"parent":0,"menu_order":0,"comment_status":"closed","ping_status":"closed","template":"","meta":{"_et_pb_use_builder":"on","_et_pb_old_content":"","_et_gb_content_width":"","_joinchat":[],"footnotes":""},"class_list":["post-105","page","type-page","status-publish","hentry"],"_links":{"self":[{"href":"https:\/\/primumlogistic.com\/en\/wp-json\/wp\/v2\/pages\/105","targetHints":{"allow":["GET"]}}],"collection":[{"href":"https:\/\/primumlogistic.com\/en\/wp-json\/wp\/v2\/pages"}],"about":[{"href":"https:\/\/primumlogistic.com\/en\/wp-json\/wp\/v2\/types\/page"}],"author":[{"embeddable":true,"href":"https:\/\/primumlogistic.com\/en\/wp-json\/wp\/v2\/users\/1"}],"replies":[{"embeddable":true,"href":"https:\/\/primumlogistic.com\/en\/wp-json\/wp\/v2\/comments?post=105"}],"version-history":[{"count":7,"href":"https:\/\/primumlogistic.com\/en\/wp-json\/wp\/v2\/pages\/105\/revisions"}],"predecessor-version":[{"id":299,"href":"https:\/\/primumlogistic.com\/en\/wp-json\/wp\/v2\/pages\/105\/revisions\/299"}],"wp:attachment":[{"href":"https:\/\/primumlogistic.com\/en\/wp-json\/wp\/v2\/media?parent=105"}],"curies":[{"name":"wp","href":"https:\/\/api.w.org\/{rel}","templated":true}]}}