{"id":224,"date":"2024-12-17T14:58:28","date_gmt":"2024-12-17T19:58:28","guid":{"rendered":"https:\/\/primumlogistic.com\/?page_id=224"},"modified":"2024-12-23T10:54:08","modified_gmt":"2024-12-23T15:54:08","slug":"proteccion-de-datos","status":"publish","type":"page","link":"https:\/\/primumlogistic.com\/en\/proteccion-de-datos\/","title":{"rendered":"Data Protection"},"content":{"rendered":"<p>[et_pb_section fb_built=\u00bb1&#8243; _builder_version=\u00bb4.27.4&#8243; _module_preset=\u00bbdefault\u00bb background_color=\u00bb#036BA7&#8243; custom_padding=\u00bb10px||0px||false|false\u00bb bottom_divider_height=\u00bb24px\u00bb bottom_divider_flip=\u00bbvertical\u00bb global_colors_info=\u00bb{}\u00bb][et_pb_row _builder_version=\u00bb4.27.4&#8243; _module_preset=\u00bbdefault\u00bb global_colors_info=\u00bb{}\u00bb][et_pb_column type=\u00bb4_4&#8243; _builder_version=\u00bb4.27.4&#8243; _module_preset=\u00bbdefault\u00bb global_colors_info=\u00bb{}\u00bb][et_pb_text _builder_version=\u00bb4.27.4&#8243; _module_preset=\u00bbdefault\u00bb header_2_text_align=\u00bbcenter\u00bb header_2_text_color=\u00bb#FFFFFF\u00bb hover_enabled=\u00bb0&#8243; global_colors_info=\u00bb{}\u00bb sticky_enabled=\u00bb0&#8243;]<\/p>\n<h2>DATA PROTECTION<\/h2>\n<p>[\/et_pb_text][\/et_pb_column][\/et_pb_row][\/et_pb_section][et_pb_section fb_built=\u00bb1&#8243; _builder_version=\u00bb4.27.4&#8243; _module_preset=\u00bbdefault\u00bb background_enable_mask_style=\u00bbon\u00bb background_mask_style=\u00bbchevrons\u00bb background_mask_color=\u00bb#f7f7f7&#8243; background_mask_transform=\u00bbinvert|flip_vertical|flip_horizontal\u00bb custom_margin=\u00bb||||false|false\u00bb custom_padding=\u00bb50px||50px||true|false\u00bb locked=\u00bboff\u00bb global_colors_info=\u00bb{}\u00bb][et_pb_row _builder_version=\u00bb4.27.4&#8243; _module_preset=\u00bbdefault\u00bb global_colors_info=\u00bb{}\u00bb][et_pb_column type=\u00bb4_4&#8243; _builder_version=\u00bb4.27.4&#8243; _module_preset=\u00bbdefault\u00bb global_colors_info=\u00bb{}\u00bb][et_pb_text _builder_version=\u00bb4.27.4&#8243; _module_preset=\u00bbdefault\u00bb text_line_height=\u00bb1.3em\u00bb header_text_color=\u00bb#023F63&#8243; header_2_text_align=\u00bbjustify\u00bb header_2_text_color=\u00bb#04C7D1&#8243; header_2_font_size=\u00bb23px\u00bb text_orientation=\u00bbjustified\u00bb global_colors_info=\u00bb{}\u00bb]Pol\u00edtica de Tratamiento de datos personales es elaborada de conformidad con lo dispuesto en la Constituci\u00f3n Pol\u00edtica, la Ley 1581 de 2012, el Decreto Reglamentario 1377 de 2013 y dem\u00e1s disposiciones complementarias, as\u00ed como de las mejores pr\u00e1cticas a nivel internacional en esta materia y ser\u00e1 aplicada por PRIMUM LOGISTIC SERVICES SAS, respecto de la recolecci\u00f3n, almacenamiento, uso, circulaci\u00f3n, supresi\u00f3n y de todas aquellas actividades que constituyan tratamiento de datos personales.[\/et_pb_text][\/et_pb_column][\/et_pb_row][\/et_pb_section][et_pb_section fb_built=\u00bb1&#8243; _builder_version=\u00bb4.27.4&#8243; _module_preset=\u00bbdefault\u00bb background_color=\u00bb#036BA7&#8243; use_background_color_gradient=\u00bbon\u00bb background_color_gradient_stops=\u00bb#0485d0 0%|#035585 100%\u00bb custom_padding=\u00bb3px||3px||true|false\u00bb bottom_divider_height=\u00bb40px\u00bb bottom_divider_flip=\u00bbvertical|horizontal\u00bb locked=\u00bboff\u00bb global_colors_info=\u00bb{}\u00bb][et_pb_row column_structure=\u00bb3_4,1_4&#8243; _builder_version=\u00bb4.27.4&#8243; _module_preset=\u00bbdefault\u00bb global_colors_info=\u00bb{}\u00bb][et_pb_column type=\u00bb3_4&#8243; _builder_version=\u00bb4.27.4&#8243; _module_preset=\u00bbdefault\u00bb global_colors_info=\u00bb{}\u00bb][et_pb_text _builder_version=\u00bb4.27.4&#8243; _module_preset=\u00bbdefault\u00bb header_3_text_align=\u00bbcenter\u00bb header_3_text_color=\u00bb#FFFFFF\u00bb header_3_font_size=\u00bb33px\u00bb hover_enabled=\u00bb0&#8243; global_colors_info=\u00bb{}\u00bb sticky_enabled=\u00bb0&#8243;]<\/p>\n<h3>Are you looking for personalized advice?<\/h3>\n<p>[\/et_pb_text][\/et_pb_column][et_pb_column type=\u00bb1_4&#8243; _builder_version=\u00bb4.27.4&#8243; _module_preset=\u00bbdefault\u00bb global_colors_info=\u00bb{}\u00bb][et_pb_button button_url=\u00bbhttps:\/\/wa.me\/573168304604?text=Hola,%20Me%20interesa%20ampliar%20informaci\u00f3n%20de%20sus%20servicios%20&#8243; url_new_window=\u00bbon\u00bb button_text=\u00bb\u00a1Hablemos!\u00bb button_alignment=\u00bbcenter\u00bb _builder_version=\u00bb4.27.4&#8243; _module_preset=\u00bbdefault\u00bb custom_button=\u00bbon\u00bb button_text_color=\u00bb#FFFFFF\u00bb button_bg_color=\u00bb#04C7D1&#8243; button_border_width=\u00bb2px\u00bb button_font=\u00bb|800|||||||\u00bb button_use_icon=\u00bboff\u00bb hover_enabled=\u00bb0&#8243; button_text_shadow_style=\u00bbpreset2&#8243; global_colors_info=\u00bb{}\u00bb sticky_enabled=\u00bb0&#8243;][\/et_pb_button][\/et_pb_column][\/et_pb_row][\/et_pb_section]<\/p>","protected":false},"excerpt":{"rendered":"<p>PROTECCI\u00d3N DE DATOSPol\u00edtica de Tratamiento de datos personales es elaborada de conformidad con lo dispuesto en la Constituci\u00f3n Pol\u00edtica, la Ley 1581 de 2012, el Decreto Reglamentario 1377 de 2013 y dem\u00e1s disposiciones complementarias, as\u00ed como de las mejores pr\u00e1cticas a nivel internacional en esta materia y ser\u00e1 aplicada por PRIMUM LOGISTIC SERVICES SAS, respecto [&hellip;]<\/p>","protected":false},"author":1,"featured_media":0,"parent":0,"menu_order":0,"comment_status":"closed","ping_status":"closed","template":"","meta":{"_et_pb_use_builder":"on","_et_pb_old_content":"","_et_gb_content_width":"","_joinchat":[],"footnotes":""},"class_list":["post-224","page","type-page","status-publish","hentry"],"_links":{"self":[{"href":"https:\/\/primumlogistic.com\/en\/wp-json\/wp\/v2\/pages\/224","targetHints":{"allow":["GET"]}}],"collection":[{"href":"https:\/\/primumlogistic.com\/en\/wp-json\/wp\/v2\/pages"}],"about":[{"href":"https:\/\/primumlogistic.com\/en\/wp-json\/wp\/v2\/types\/page"}],"author":[{"embeddable":true,"href":"https:\/\/primumlogistic.com\/en\/wp-json\/wp\/v2\/users\/1"}],"replies":[{"embeddable":true,"href":"https:\/\/primumlogistic.com\/en\/wp-json\/wp\/v2\/comments?post=224"}],"version-history":[{"count":6,"href":"https:\/\/primumlogistic.com\/en\/wp-json\/wp\/v2\/pages\/224\/revisions"}],"predecessor-version":[{"id":306,"href":"https:\/\/primumlogistic.com\/en\/wp-json\/wp\/v2\/pages\/224\/revisions\/306"}],"wp:attachment":[{"href":"https:\/\/primumlogistic.com\/en\/wp-json\/wp\/v2\/media?parent=224"}],"curies":[{"name":"wp","href":"https:\/\/api.w.org\/{rel}","templated":true}]}}